{"id":1219,"date":"2025-01-25T18:36:43","date_gmt":"2025-01-25T17:36:43","guid":{"rendered":"https:\/\/staging.threatproof.com\/attaques\/"},"modified":"2025-02-14T10:44:10","modified_gmt":"2025-02-14T09:44:10","slug":"attaques","status":"publish","type":"page","link":"https:\/\/staging.threatproof.com\/fr\/attaques\/","title":{"rendered":"Vous \u00eates attaqu\u00e9s ?"},"content":{"rendered":"","protected":false},"excerpt":{"rendered":"","protected":false},"author":1,"featured_media":2271,"parent":0,"menu_order":0,"comment_status":"closed","ping_status":"closed","template":"templates\/contact.php","meta":{"content-type":"","inline_featured_image":false,"footnotes":""},"class_list":["post-1219","page","type-page","status-publish","has-post-thumbnail","hentry"],"acf":[],"yoast_head":"<!-- This site is optimized with the Yoast SEO plugin v27.5 - https:\/\/yoast.com\/product\/yoast-seo-wordpress\/ -->\n<title>Vous \u00eates attaqu\u00e9s ? - Threatproof<\/title>\n<meta name=\"description\" content=\"\ud83d\udea8 Victime d\u2019une cyberattaque ? Obtenez une aide imm\u00e9diate pour contenir la menace et s\u00e9curiser vos syst\u00e8mes. \ud83d\udd25 Agissez, demandez de l&#039;aide.\" \/>\n<meta name=\"robots\" content=\"index, follow, max-snippet:-1, max-image-preview:large, max-video-preview:-1\" \/>\n<link rel=\"canonical\" href=\"https:\/\/staging.threatproof.com\/fr\/attaques\/\" \/>\n<meta property=\"og:locale\" content=\"fr_FR\" \/>\n<meta property=\"og:type\" content=\"article\" \/>\n<meta property=\"og:title\" content=\"Vous \u00eates attaqu\u00e9s ? - Threatproof\" \/>\n<meta property=\"og:description\" content=\"\ud83d\udea8 Victime d\u2019une cyberattaque ? Obtenez une aide imm\u00e9diate pour contenir la menace et s\u00e9curiser vos syst\u00e8mes. \ud83d\udd25 Agissez, demandez de l&#039;aide.\" \/>\n<meta property=\"og:url\" content=\"https:\/\/staging.threatproof.com\/fr\/attaques\/\" \/>\n<meta property=\"og:site_name\" content=\"Threatproof\" \/>\n<meta property=\"article:modified_time\" content=\"2025-02-14T09:44:10+00:00\" \/>\n<meta name=\"twitter:card\" content=\"summary_large_image\" \/>\n<script type=\"application\/ld+json\" class=\"yoast-schema-graph\">{\"@context\":\"https:\\\/\\\/schema.org\",\"@graph\":[{\"@type\":\"WebPage\",\"@id\":\"https:\\\/\\\/staging.threatproof.com\\\/fr\\\/attaques\\\/\",\"url\":\"https:\\\/\\\/staging.threatproof.com\\\/fr\\\/attaques\\\/\",\"name\":\"Vous \u00eates attaqu\u00e9s ? - Threatproof\",\"isPartOf\":{\"@id\":\"https:\\\/\\\/staging.threatproof.com\\\/fr\\\/#website\"},\"primaryImageOfPage\":{\"@id\":\"https:\\\/\\\/staging.threatproof.com\\\/fr\\\/attaques\\\/#primaryimage\"},\"image\":{\"@id\":\"https:\\\/\\\/staging.threatproof.com\\\/fr\\\/attaques\\\/#primaryimage\"},\"thumbnailUrl\":\"https:\\\/\\\/staging.threatproof.com\\\/wp-content\\\/uploads\\\/2025\\\/05\\\/ChatGPT-Image-4-mai-2025-17_06_55-1.webp\",\"datePublished\":\"2025-01-25T17:36:43+00:00\",\"dateModified\":\"2025-02-14T09:44:10+00:00\",\"description\":\"\ud83d\udea8 Victime d\u2019une cyberattaque ? Obtenez une aide imm\u00e9diate pour contenir la menace et s\u00e9curiser vos syst\u00e8mes. \ud83d\udd25 Agissez, demandez de l'aide.\",\"breadcrumb\":{\"@id\":\"https:\\\/\\\/staging.threatproof.com\\\/fr\\\/attaques\\\/#breadcrumb\"},\"inLanguage\":\"fr-FR\",\"potentialAction\":[{\"@type\":\"ReadAction\",\"target\":[\"https:\\\/\\\/staging.threatproof.com\\\/fr\\\/attaques\\\/\"]}]},{\"@type\":\"ImageObject\",\"inLanguage\":\"fr-FR\",\"@id\":\"https:\\\/\\\/staging.threatproof.com\\\/fr\\\/attaques\\\/#primaryimage\",\"url\":\"https:\\\/\\\/staging.threatproof.com\\\/wp-content\\\/uploads\\\/2025\\\/05\\\/ChatGPT-Image-4-mai-2025-17_06_55-1.webp\",\"contentUrl\":\"https:\\\/\\\/staging.threatproof.com\\\/wp-content\\\/uploads\\\/2025\\\/05\\\/ChatGPT-Image-4-mai-2025-17_06_55-1.webp\",\"width\":1536,\"height\":1024},{\"@type\":\"BreadcrumbList\",\"@id\":\"https:\\\/\\\/staging.threatproof.com\\\/fr\\\/attaques\\\/#breadcrumb\",\"itemListElement\":[{\"@type\":\"ListItem\",\"position\":1,\"name\":\"Home\",\"item\":\"https:\\\/\\\/staging.threatproof.com\\\/fr\\\/\"},{\"@type\":\"ListItem\",\"position\":2,\"name\":\"Vous \u00eates attaqu\u00e9s ?\"}]},{\"@type\":\"WebSite\",\"@id\":\"https:\\\/\\\/staging.threatproof.com\\\/fr\\\/#website\",\"url\":\"https:\\\/\\\/staging.threatproof.com\\\/fr\\\/\",\"name\":\"Threatproof\",\"description\":\"\",\"potentialAction\":[{\"@type\":\"SearchAction\",\"target\":{\"@type\":\"EntryPoint\",\"urlTemplate\":\"https:\\\/\\\/staging.threatproof.com\\\/fr\\\/?s={search_term_string}\"},\"query-input\":{\"@type\":\"PropertyValueSpecification\",\"valueRequired\":true,\"valueName\":\"search_term_string\"}}],\"inLanguage\":\"fr-FR\"}]}<\/script>\n<!-- \/ Yoast SEO plugin. -->","yoast_head_json":{"title":"Vous \u00eates attaqu\u00e9s ? - Threatproof","description":"\ud83d\udea8 Victime d\u2019une cyberattaque ? Obtenez une aide imm\u00e9diate pour contenir la menace et s\u00e9curiser vos syst\u00e8mes. \ud83d\udd25 Agissez, demandez de l'aide.","robots":{"index":"index","follow":"follow","max-snippet":"max-snippet:-1","max-image-preview":"max-image-preview:large","max-video-preview":"max-video-preview:-1"},"canonical":"https:\/\/staging.threatproof.com\/fr\/attaques\/","og_locale":"fr_FR","og_type":"article","og_title":"Vous \u00eates attaqu\u00e9s ? - Threatproof","og_description":"\ud83d\udea8 Victime d\u2019une cyberattaque ? Obtenez une aide imm\u00e9diate pour contenir la menace et s\u00e9curiser vos syst\u00e8mes. \ud83d\udd25 Agissez, demandez de l'aide.","og_url":"https:\/\/staging.threatproof.com\/fr\/attaques\/","og_site_name":"Threatproof","article_modified_time":"2025-02-14T09:44:10+00:00","twitter_card":"summary_large_image","schema":{"@context":"https:\/\/schema.org","@graph":[{"@type":"WebPage","@id":"https:\/\/staging.threatproof.com\/fr\/attaques\/","url":"https:\/\/staging.threatproof.com\/fr\/attaques\/","name":"Vous \u00eates attaqu\u00e9s ? - Threatproof","isPartOf":{"@id":"https:\/\/staging.threatproof.com\/fr\/#website"},"primaryImageOfPage":{"@id":"https:\/\/staging.threatproof.com\/fr\/attaques\/#primaryimage"},"image":{"@id":"https:\/\/staging.threatproof.com\/fr\/attaques\/#primaryimage"},"thumbnailUrl":"https:\/\/staging.threatproof.com\/wp-content\/uploads\/2025\/05\/ChatGPT-Image-4-mai-2025-17_06_55-1.webp","datePublished":"2025-01-25T17:36:43+00:00","dateModified":"2025-02-14T09:44:10+00:00","description":"\ud83d\udea8 Victime d\u2019une cyberattaque ? Obtenez une aide imm\u00e9diate pour contenir la menace et s\u00e9curiser vos syst\u00e8mes. \ud83d\udd25 Agissez, demandez de l'aide.","breadcrumb":{"@id":"https:\/\/staging.threatproof.com\/fr\/attaques\/#breadcrumb"},"inLanguage":"fr-FR","potentialAction":[{"@type":"ReadAction","target":["https:\/\/staging.threatproof.com\/fr\/attaques\/"]}]},{"@type":"ImageObject","inLanguage":"fr-FR","@id":"https:\/\/staging.threatproof.com\/fr\/attaques\/#primaryimage","url":"https:\/\/staging.threatproof.com\/wp-content\/uploads\/2025\/05\/ChatGPT-Image-4-mai-2025-17_06_55-1.webp","contentUrl":"https:\/\/staging.threatproof.com\/wp-content\/uploads\/2025\/05\/ChatGPT-Image-4-mai-2025-17_06_55-1.webp","width":1536,"height":1024},{"@type":"BreadcrumbList","@id":"https:\/\/staging.threatproof.com\/fr\/attaques\/#breadcrumb","itemListElement":[{"@type":"ListItem","position":1,"name":"Home","item":"https:\/\/staging.threatproof.com\/fr\/"},{"@type":"ListItem","position":2,"name":"Vous \u00eates attaqu\u00e9s ?"}]},{"@type":"WebSite","@id":"https:\/\/staging.threatproof.com\/fr\/#website","url":"https:\/\/staging.threatproof.com\/fr\/","name":"Threatproof","description":"","potentialAction":[{"@type":"SearchAction","target":{"@type":"EntryPoint","urlTemplate":"https:\/\/staging.threatproof.com\/fr\/?s={search_term_string}"},"query-input":{"@type":"PropertyValueSpecification","valueRequired":true,"valueName":"search_term_string"}}],"inLanguage":"fr-FR"}]}},"_links":{"self":[{"href":"https:\/\/staging.threatproof.com\/fr\/wp-json\/wp\/v2\/pages\/1219","targetHints":{"allow":["GET"]}}],"collection":[{"href":"https:\/\/staging.threatproof.com\/fr\/wp-json\/wp\/v2\/pages"}],"about":[{"href":"https:\/\/staging.threatproof.com\/fr\/wp-json\/wp\/v2\/types\/page"}],"author":[{"embeddable":true,"href":"https:\/\/staging.threatproof.com\/fr\/wp-json\/wp\/v2\/users\/1"}],"replies":[{"embeddable":true,"href":"https:\/\/staging.threatproof.com\/fr\/wp-json\/wp\/v2\/comments?post=1219"}],"version-history":[{"count":7,"href":"https:\/\/staging.threatproof.com\/fr\/wp-json\/wp\/v2\/pages\/1219\/revisions"}],"predecessor-version":[{"id":1960,"href":"https:\/\/staging.threatproof.com\/fr\/wp-json\/wp\/v2\/pages\/1219\/revisions\/1960"}],"wp:featuredmedia":[{"embeddable":true,"href":"https:\/\/staging.threatproof.com\/fr\/wp-json\/wp\/v2\/media\/2271"}],"wp:attachment":[{"href":"https:\/\/staging.threatproof.com\/fr\/wp-json\/wp\/v2\/media?parent=1219"}],"curies":[{"name":"wp","href":"https:\/\/api.w.org\/{rel}","templated":true}]}}