{"id":1213,"date":"2025-01-25T18:31:04","date_gmt":"2025-01-25T17:31:04","guid":{"rendered":"https:\/\/staging.threatproof.com\/evaluation-gratuite\/"},"modified":"2025-02-14T10:40:59","modified_gmt":"2025-02-14T09:40:59","slug":"evaluation-gratuite","status":"publish","type":"page","link":"https:\/\/staging.threatproof.com\/fr\/evaluation-gratuite\/","title":{"rendered":"\u00c9valuation gratuite"},"content":{"rendered":"","protected":false},"excerpt":{"rendered":"","protected":false},"author":1,"featured_media":0,"parent":0,"menu_order":0,"comment_status":"closed","ping_status":"closed","template":"templates\/contact.php","meta":{"content-type":"","inline_featured_image":false,"footnotes":""},"class_list":["post-1213","page","type-page","status-publish","hentry"],"acf":[],"yoast_head":"<!-- This site is optimized with the Yoast SEO plugin v27.5 - https:\/\/yoast.com\/product\/yoast-seo-wordpress\/ -->\n<title>\u00c9valuation gratuite - Threatproof<\/title>\n<meta name=\"description\" content=\"Obtenez un audit de cybers\u00e9curit\u00e9 gratuit et identifiez vos vuln\u00e9rabilit\u00e9s. Renforcez votre protection! \ud83d\udee1\ufe0f Demandez votre audit\" \/>\n<meta name=\"robots\" content=\"index, follow, max-snippet:-1, max-image-preview:large, max-video-preview:-1\" \/>\n<link rel=\"canonical\" href=\"https:\/\/staging.threatproof.com\/fr\/evaluation-gratuite\/\" \/>\n<meta property=\"og:locale\" content=\"fr_FR\" \/>\n<meta property=\"og:type\" content=\"article\" \/>\n<meta property=\"og:title\" content=\"\u00c9valuation gratuite - Threatproof\" \/>\n<meta property=\"og:description\" content=\"Obtenez un audit de cybers\u00e9curit\u00e9 gratuit et identifiez vos vuln\u00e9rabilit\u00e9s. Renforcez votre protection! \ud83d\udee1\ufe0f Demandez votre audit\" \/>\n<meta property=\"og:url\" content=\"https:\/\/staging.threatproof.com\/fr\/evaluation-gratuite\/\" \/>\n<meta property=\"og:site_name\" content=\"Threatproof\" \/>\n<meta property=\"article:modified_time\" content=\"2025-02-14T09:40:59+00:00\" \/>\n<meta name=\"twitter:card\" content=\"summary_large_image\" \/>\n<script type=\"application\/ld+json\" class=\"yoast-schema-graph\">{\"@context\":\"https:\\\/\\\/schema.org\",\"@graph\":[{\"@type\":\"WebPage\",\"@id\":\"https:\\\/\\\/staging.threatproof.com\\\/fr\\\/evaluation-gratuite\\\/\",\"url\":\"https:\\\/\\\/staging.threatproof.com\\\/fr\\\/evaluation-gratuite\\\/\",\"name\":\"\u00c9valuation gratuite - Threatproof\",\"isPartOf\":{\"@id\":\"https:\\\/\\\/staging.threatproof.com\\\/fr\\\/#website\"},\"datePublished\":\"2025-01-25T17:31:04+00:00\",\"dateModified\":\"2025-02-14T09:40:59+00:00\",\"description\":\"Obtenez un audit de cybers\u00e9curit\u00e9 gratuit et identifiez vos vuln\u00e9rabilit\u00e9s. Renforcez votre protection! \ud83d\udee1\ufe0f Demandez votre audit\",\"breadcrumb\":{\"@id\":\"https:\\\/\\\/staging.threatproof.com\\\/fr\\\/evaluation-gratuite\\\/#breadcrumb\"},\"inLanguage\":\"fr-FR\",\"potentialAction\":[{\"@type\":\"ReadAction\",\"target\":[\"https:\\\/\\\/staging.threatproof.com\\\/fr\\\/evaluation-gratuite\\\/\"]}]},{\"@type\":\"BreadcrumbList\",\"@id\":\"https:\\\/\\\/staging.threatproof.com\\\/fr\\\/evaluation-gratuite\\\/#breadcrumb\",\"itemListElement\":[{\"@type\":\"ListItem\",\"position\":1,\"name\":\"Home\",\"item\":\"https:\\\/\\\/staging.threatproof.com\\\/fr\\\/\"},{\"@type\":\"ListItem\",\"position\":2,\"name\":\"\u00c9valuation gratuite\"}]},{\"@type\":\"WebSite\",\"@id\":\"https:\\\/\\\/staging.threatproof.com\\\/fr\\\/#website\",\"url\":\"https:\\\/\\\/staging.threatproof.com\\\/fr\\\/\",\"name\":\"Threatproof\",\"description\":\"\",\"potentialAction\":[{\"@type\":\"SearchAction\",\"target\":{\"@type\":\"EntryPoint\",\"urlTemplate\":\"https:\\\/\\\/staging.threatproof.com\\\/fr\\\/?s={search_term_string}\"},\"query-input\":{\"@type\":\"PropertyValueSpecification\",\"valueRequired\":true,\"valueName\":\"search_term_string\"}}],\"inLanguage\":\"fr-FR\"}]}<\/script>\n<!-- \/ Yoast SEO plugin. -->","yoast_head_json":{"title":"\u00c9valuation gratuite - Threatproof","description":"Obtenez un audit de cybers\u00e9curit\u00e9 gratuit et identifiez vos vuln\u00e9rabilit\u00e9s. Renforcez votre protection! \ud83d\udee1\ufe0f Demandez votre audit","robots":{"index":"index","follow":"follow","max-snippet":"max-snippet:-1","max-image-preview":"max-image-preview:large","max-video-preview":"max-video-preview:-1"},"canonical":"https:\/\/staging.threatproof.com\/fr\/evaluation-gratuite\/","og_locale":"fr_FR","og_type":"article","og_title":"\u00c9valuation gratuite - Threatproof","og_description":"Obtenez un audit de cybers\u00e9curit\u00e9 gratuit et identifiez vos vuln\u00e9rabilit\u00e9s. Renforcez votre protection! \ud83d\udee1\ufe0f Demandez votre audit","og_url":"https:\/\/staging.threatproof.com\/fr\/evaluation-gratuite\/","og_site_name":"Threatproof","article_modified_time":"2025-02-14T09:40:59+00:00","twitter_card":"summary_large_image","schema":{"@context":"https:\/\/schema.org","@graph":[{"@type":"WebPage","@id":"https:\/\/staging.threatproof.com\/fr\/evaluation-gratuite\/","url":"https:\/\/staging.threatproof.com\/fr\/evaluation-gratuite\/","name":"\u00c9valuation gratuite - Threatproof","isPartOf":{"@id":"https:\/\/staging.threatproof.com\/fr\/#website"},"datePublished":"2025-01-25T17:31:04+00:00","dateModified":"2025-02-14T09:40:59+00:00","description":"Obtenez un audit de cybers\u00e9curit\u00e9 gratuit et identifiez vos vuln\u00e9rabilit\u00e9s. Renforcez votre protection! \ud83d\udee1\ufe0f Demandez votre audit","breadcrumb":{"@id":"https:\/\/staging.threatproof.com\/fr\/evaluation-gratuite\/#breadcrumb"},"inLanguage":"fr-FR","potentialAction":[{"@type":"ReadAction","target":["https:\/\/staging.threatproof.com\/fr\/evaluation-gratuite\/"]}]},{"@type":"BreadcrumbList","@id":"https:\/\/staging.threatproof.com\/fr\/evaluation-gratuite\/#breadcrumb","itemListElement":[{"@type":"ListItem","position":1,"name":"Home","item":"https:\/\/staging.threatproof.com\/fr\/"},{"@type":"ListItem","position":2,"name":"\u00c9valuation gratuite"}]},{"@type":"WebSite","@id":"https:\/\/staging.threatproof.com\/fr\/#website","url":"https:\/\/staging.threatproof.com\/fr\/","name":"Threatproof","description":"","potentialAction":[{"@type":"SearchAction","target":{"@type":"EntryPoint","urlTemplate":"https:\/\/staging.threatproof.com\/fr\/?s={search_term_string}"},"query-input":{"@type":"PropertyValueSpecification","valueRequired":true,"valueName":"search_term_string"}}],"inLanguage":"fr-FR"}]}},"_links":{"self":[{"href":"https:\/\/staging.threatproof.com\/fr\/wp-json\/wp\/v2\/pages\/1213","targetHints":{"allow":["GET"]}}],"collection":[{"href":"https:\/\/staging.threatproof.com\/fr\/wp-json\/wp\/v2\/pages"}],"about":[{"href":"https:\/\/staging.threatproof.com\/fr\/wp-json\/wp\/v2\/types\/page"}],"author":[{"embeddable":true,"href":"https:\/\/staging.threatproof.com\/fr\/wp-json\/wp\/v2\/users\/1"}],"replies":[{"embeddable":true,"href":"https:\/\/staging.threatproof.com\/fr\/wp-json\/wp\/v2\/comments?post=1213"}],"version-history":[{"count":2,"href":"https:\/\/staging.threatproof.com\/fr\/wp-json\/wp\/v2\/pages\/1213\/revisions"}],"predecessor-version":[{"id":1963,"href":"https:\/\/staging.threatproof.com\/fr\/wp-json\/wp\/v2\/pages\/1213\/revisions\/1963"}],"wp:attachment":[{"href":"https:\/\/staging.threatproof.com\/fr\/wp-json\/wp\/v2\/media?parent=1213"}],"curies":[{"name":"wp","href":"https:\/\/api.w.org\/{rel}","templated":true}]}}